{"id":418,"date":"2022-11-08T04:35:39","date_gmt":"2022-11-08T03:35:39","guid":{"rendered":"http:\/\/demosoledad.pencidesign.com\/soledad-dance-school-multipurpose\/?page_id=9"},"modified":"2023-01-01T17:14:30","modified_gmt":"2023-01-01T16:14:30","slug":"danses","status":"publish","type":"page","link":"https:\/\/www.country-route92.fr\/wordpress\/danses\/","title":{"rendered":"La danse en ligne"},"content":{"rendered":"\t\t<div data-elementor-type=\"wp-page\" data-elementor-id=\"418\" class=\"elementor elementor-418\" data-elementor-settings=\"[]\">\n\t\t\t<div class=\"elementor-inner\">\n\t\t\t\t<div class=\"elementor-section-wrap\">\n\t\t\t\t\t\t\t<section class=\"penci-section penci-disSticky penci-structure-10 elementor-element elementor-element-aa63e9c elementor-section-boxed elementor-section-height-default elementor-section-height-default elementor-section elementor-top-section\" data-id=\"aa63e9c\" data-element_type=\"section\" data-settings=\"{&quot;background_background&quot;:&quot;classic&quot;}\">\n\t\t\t\t\t\t<div class=\"elementor-container elementor-column-gap-extended\">\n\t\t\t\t<div class=\"elementor-row\">\n\t\t\t\t<div class=\"penci-ercol-100 penci-ercol-order-1 penci-sticky-ct  elementor-element elementor-element-9d77d51 elementor-column elementor-col-100 elementor-top-column\" data-id=\"9d77d51\" data-element_type=\"column\">\n\t\t\t<div class=\"theiaStickySidebar elementor-column-wrap  elementor-element-populated\">\n\t\t\t\t\t<div class=\"elementor-widget-wrap\">\n\t\t\t\t<div class=\"elementor-element elementor-element-088c067 elementor-widget elementor-widget-penci-fancy_heading\" data-id=\"088c067\" data-element_type=\"widget\" data-widget_type=\"penci-fancy_heading.default\">\n\t\t\t\t<div class=\"elementor-widget-container\">\n\t\t\t\t\t<div class=\"penci-fancy-heading penci-heading-text-center\">\r\n\t\t\t<div class=\"penci-fancy-heading-inner\">\r\n\t\t\t\t<h2 class=\"penci-heading-title\">La danse en ligne<\/h2><div class=\"penci-heading-content entry-content\"><p>La danse en ligne (ou Line Dance) est un terme g\u00e9n\u00e9rique qui regroupe l'apprentissage de la Danse Country, la New Line Dance et la Danse Irlandaise\/Celtique.<br \/>\nCes danses peuvent \u00eatre ex\u00e9cut\u00e9es en ligne donc, et aussi en cercle, en contredanse ou encore avec un partenaire.<\/p>\n<\/div>\t\t\t<\/div>\r\n\t\t<\/div>\r\n\t\t\t\t<\/div>\n\t\t\t\t<\/div>\n\t\t\t\t\t\t<\/div>\n\t\t\t<\/div>\n\t\t<\/div>\n\t\t\t\t\t\t<\/div>\n\t\t\t<\/div>\n\t\t<\/section>\n\t\t\t\t<section class=\"penci-section penci-disSticky penci-structure-10 elementor-element elementor-element-e9a37fa elementor-section-boxed elementor-section-height-default elementor-section-height-default elementor-section elementor-top-section\" data-id=\"e9a37fa\" data-element_type=\"section\">\n\t\t\t\t\t\t<div class=\"elementor-container elementor-column-gap-default\">\n\t\t\t\t<div class=\"elementor-row\">\n\t\t\t\t<div class=\"penci-ercol-100 penci-ercol-order-1 penci-sticky-ct  elementor-element elementor-element-113a3ff elementor-column elementor-col-100 elementor-top-column\" data-id=\"113a3ff\" data-element_type=\"column\">\n\t\t\t<div class=\"theiaStickySidebar elementor-column-wrap  elementor-element-populated\">\n\t\t\t\t\t<div class=\"elementor-widget-wrap\">\n\t\t\t\t<div class=\"elementor-element elementor-element-562a095 elementor-widget elementor-widget-text-editor\" data-id=\"562a095\" data-element_type=\"widget\" data-widget_type=\"text-editor.default\">\n\t\t\t\t<div class=\"elementor-widget-container\">\n\t\t\t\t\t<div class=\"elementor-text-editor elementor-clearfix\"><style>.elementor-widget-container{font-size:16px}<\/style>\nSi vous pensez \u00ab\u00a0\u00a0<strong><em>SANTIAGS ET STETSON<\/em><\/strong>\u00a0\u00bb quand vous entendez les mots country line dance, vous avez en partie raison car<strong> la danse en ligne<\/strong> est souvent associ\u00e9e \u00e0 la musique country. Mais depuis quelques ann\u00e9es la discipline \u00e0 beaucoup \u00e9volu\u00e9. En r\u00e9alit\u00e9 la\u00a0<strong>danse en ligne<\/strong>\u00a0peut se danser sur toutes sortes de musiques\u00a0<strong><em>country<\/em><\/strong> bien s\u00fbr mais aussi, <strong><em>irlandaise<\/em><\/strong>,\u00a0<strong><em>rock<\/em><\/strong>,\u00a0<strong><em>latino<\/em><\/strong>,\u00a0<strong><em>funcky<\/em><\/strong>,<strong><em> latino, pop<\/em><\/strong>\u2026\n\n<strong><em>Danser en ligne<\/em><\/strong>\u00a0c\u2019est apprendre une chor\u00e9graphie qui se\u00a0<strong><em>danse seul<\/em><\/strong>\u00a0mais\u00a0<strong><em>en groupe\u00a0<\/em><\/strong> tout le monde ex\u00e9cutant les m\u00eames pas. Il faut admettre qu\u2019il existe de belles musiques dans tous les rythmes, genres et qu\u2019il est dommage de se cantonner \u00e0 un seul style musical. Il faut tenir compte des danseurs qui veulent simplement danser, <strong><em>il y a de la place pour tout le monde<\/em><\/strong> tout en respectant les choix essentiels de chacun.\n\nCe qui devrait rassembler les danseurs se sont bien les mots\u00a0<strong><em>DANSE<\/em><\/strong>\u00a0et donc\u00a0<strong><em>PLAISIR DE<\/em><\/strong> DANSER sans aucune pol\u00e9mique. Pratiquez, sortez, dansez, et vous progresserez. <strong><em>La danse en ligne c\u2019est danser ensemble en groupe<\/em><\/strong>, Venez avec votre sourire et votre joie!\n\nContrairement aux Am\u00e9ricains qui dansent beaucoup en\u00a0<strong><em>free style ou partner<\/em><\/strong>, beaucoup de Fran\u00e7ais pr\u00e9f\u00e8rent danser seul. C\u2019est une solution pour les gens qui n\u2019ont pas de conjoint ; ou pour les femmes dont les maris n\u2019aiment pas danser. Le monde de la danse en ligne est majoritairement f\u00e9minin\n\nOn parle de \u00ab\u00a0<strong>danse country\u00a0\u00bb<\/strong>\u00a0lorsque le support est une\u00a0<strong>musique country<\/strong>, Chaque danse chor\u00e9graphi\u00e9e porte un nom. Et on parle maintenant de \u00ab\u00a0<strong>new<\/strong> <strong>line dance\u00a0\u00bb &#8211; ou \u00ab\u00a0modern line dance\u00a0\u00bb &#8211;<\/strong>\u00a0lorsque le support de la danse est une musique moderne\u2026Mais les pas restent identiques, conformes au lexique, la seule diff\u00e9rence est le support musical.<\/div>\n\t\t\t\t<\/div>\n\t\t\t\t<\/div>\n\t\t\t\t\t\t<\/div>\n\t\t\t<\/div>\n\t\t<\/div>\n\t\t\t\t\t\t<\/div>\n\t\t\t<\/div>\n\t\t<\/section>\n\t\t\t\t<section class=\"penci-section penci-disSticky penci-structure-10 elementor-element elementor-element-efd397c elementor-section-boxed elementor-section-height-default elementor-section-height-default elementor-section elementor-top-section\" data-id=\"efd397c\" data-element_type=\"section\">\n\t\t\t\t\t\t<div class=\"elementor-container elementor-column-gap-no\">\n\t\t\t\t<div class=\"elementor-row\">\n\t\t\t\t<div class=\"penci-ercol-100 penci-ercol-order-1 penci-sticky-ct  elementor-element elementor-element-0218a6f elementor-column elementor-col-100 elementor-top-column\" data-id=\"0218a6f\" data-element_type=\"column\">\n\t\t\t<div class=\"theiaStickySidebar elementor-column-wrap  elementor-element-populated\">\n\t\t\t\t\t<div class=\"elementor-widget-wrap\">\n\t\t\t\t<section class=\"penci-section penci-disSticky penci-structure-21 elementor-element elementor-element-dfc7779 elementor-section-content-middle elementor-section-boxed elementor-section-height-default elementor-section-height-default elementor-section elementor-inner-section\" data-id=\"dfc7779\" data-element_type=\"section\">\n\t\t\t\t\t\t<div class=\"elementor-container elementor-column-gap-wider\">\n\t\t\t\t<div class=\"elementor-row\">\n\t\t\t\t<div class=\"penci-ercol-33 penci-ercol-order-1 penci-sticky-sb penci-sidebarSC elementor-element elementor-element-446a339 elementor-column elementor-col-33 elementor-inner-column\" data-id=\"446a339\" data-element_type=\"column\">\n\t\t\t<div class=\"theiaStickySidebar elementor-column-wrap  elementor-element-populated\">\n\t\t\t\t\t<div class=\"elementor-widget-wrap\">\n\t\t\t\t<div class=\"elementor-element elementor-element-0ad3d32 elementor-widget elementor-widget-image\" data-id=\"0ad3d32\" data-element_type=\"widget\" data-widget_type=\"image.default\">\n\t\t\t\t<div class=\"elementor-widget-container\">\n\t\t\t\t\t<div class=\"elementor-image\">\n\t\t\t\t\t\t\t\t\t\t\t<a href=\"https:\/\/www.country-route92.fr\/wordpress\/danse\/2020\/04\/09\/danse-country\/\">\n\t\t\t\t\t\t\t<img decoding=\"async\" src=\"http:\/\/corpsetchores.fr\/danse\/wp-content\/uploads\/sites\/10\/2020\/03\/danse-country.jpg\" title=\"\" alt=\"\" \/>\t\t\t\t\t\t\t\t<\/a>\n\t\t\t\t\t\t\t\t\t\t\t<\/div>\n\t\t\t\t<\/div>\n\t\t\t\t<\/div>\n\t\t\t\t\t\t<\/div>\n\t\t\t<\/div>\n\t\t<\/div>\n\t\t\t\t<div class=\"penci-ercol-66 penci-ercol-order-2 penci-sticky-ct  elementor-element elementor-element-2a16b26 elementor-column elementor-col-66 elementor-inner-column\" data-id=\"2a16b26\" data-element_type=\"column\">\n\t\t\t<div class=\"theiaStickySidebar elementor-column-wrap  elementor-element-populated\">\n\t\t\t\t\t<div class=\"elementor-widget-wrap\">\n\t\t\t\t<div class=\"elementor-element elementor-element-a655dbd elementor-widget elementor-widget-penci-fancy_heading\" data-id=\"a655dbd\" data-element_type=\"widget\" data-widget_type=\"penci-fancy_heading.default\">\n\t\t\t\t<div class=\"elementor-widget-container\">\n\t\t\t\t\t<div class=\"penci-fancy-heading penci-heading-text-left\">\r\n\t\t\t<div class=\"penci-fancy-heading-inner\">\r\n\t\t\t\t<h2 class=\"penci-heading-title\">Danse country<\/h2><div class=\"penci-heading-content entry-content\"><p>La musique et la danse country sont depuis quatre si\u00e8cles les t\u00e9moins de l\u2019histoire des Etats-Unis. Avec l\u2019arriv\u00e9e des premiers colons au XVe si\u00e8cle, la musique et la danse country, qui ont leurs fondements dans le folklore des immigr\u00e9s, racontent le quotidien des am\u00e9ricains.<br \/>\nCette musique et cette danse sont en perp\u00e9tuelle \u00e9volution, \u00e9volution qui leurs donne la d\u00e9finition d\u2019une musique et d\u2019une danse moderne. <\/p>\n<\/div>\t\t\t<\/div>\r\n\t\t<\/div>\r\n\t\t\t\t<\/div>\n\t\t\t\t<\/div>\n\t\t\t\t<div class=\"elementor-element elementor-element-04b7c55 elementor-align-left elementor-widget elementor-widget-button\" data-id=\"04b7c55\" data-element_type=\"widget\" data-widget_type=\"button.default\">\n\t\t\t\t<div class=\"elementor-widget-container\">\n\t\t\t\t\t<div class=\"elementor-button-wrapper\">\n\t\t\t<a href=\"https:\/\/www.country-route92.fr\/wordpress\/danse\/2020\/04\/09\/danse-country\/\" class=\"elementor-button-link elementor-button elementor-size-md\" role=\"button\">\n\t\t\t\t\t\t<span class=\"elementor-button-content-wrapper\">\n\t\t\t\t\t\t<span class=\"elementor-button-text\">en savoir plus<\/span>\n\t\t<\/span>\n\t\t\t\t\t<\/a>\n\t\t<\/div>\n\t\t\t\t<\/div>\n\t\t\t\t<\/div>\n\t\t\t\t\t\t<\/div>\n\t\t\t<\/div>\n\t\t<\/div>\n\t\t\t\t\t\t<\/div>\n\t\t\t<\/div>\n\t\t<\/section>\n\t\t\t\t\t\t<\/div>\n\t\t\t<\/div>\n\t\t<\/div>\n\t\t\t\t\t\t<\/div>\n\t\t\t<\/div>\n\t\t<\/section>\n\t\t\t\t<section class=\"penci-section penci-disSticky penci-structure-10 elementor-element elementor-element-ad4b560 elementor-section-boxed elementor-section-height-default elementor-section-height-default elementor-section elementor-top-section\" data-id=\"ad4b560\" data-element_type=\"section\">\n\t\t\t\t\t\t<div class=\"elementor-container elementor-column-gap-no\">\n\t\t\t\t<div class=\"elementor-row\">\n\t\t\t\t<div class=\"penci-ercol-100 penci-ercol-order-1 penci-sticky-ct  elementor-element elementor-element-ded8559 elementor-column elementor-col-100 elementor-top-column\" data-id=\"ded8559\" data-element_type=\"column\">\n\t\t\t<div class=\"theiaStickySidebar elementor-column-wrap  elementor-element-populated\">\n\t\t\t\t\t<div class=\"elementor-widget-wrap\">\n\t\t\t\t<section class=\"penci-section penci-disSticky penci-structure-21 elementor-element elementor-element-8d89d3f elementor-section-content-middle elementor-section-boxed elementor-section-height-default elementor-section-height-default elementor-section elementor-inner-section\" data-id=\"8d89d3f\" data-element_type=\"section\">\n\t\t\t\t\t\t<div class=\"elementor-container elementor-column-gap-wider\">\n\t\t\t\t<div class=\"elementor-row\">\n\t\t\t\t<div class=\"penci-ercol-33 penci-ercol-order-1 penci-sticky-sb penci-sidebarSC elementor-element elementor-element-b71863c elementor-column elementor-col-33 elementor-inner-column\" data-id=\"b71863c\" data-element_type=\"column\">\n\t\t\t<div class=\"theiaStickySidebar elementor-column-wrap  elementor-element-populated\">\n\t\t\t\t\t<div class=\"elementor-widget-wrap\">\n\t\t\t\t<div class=\"elementor-element elementor-element-45ad50f elementor-widget elementor-widget-image\" data-id=\"45ad50f\" data-element_type=\"widget\" data-widget_type=\"image.default\">\n\t\t\t\t<div class=\"elementor-widget-container\">\n\t\t\t\t\t<div class=\"elementor-image\">\n\t\t\t\t\t\t\t\t\t\t\t<a href=\"https:\/\/www.country-route92.fr\/wordpress\/danse\/2019\/12\/23\/modern-line-dance\/\">\n\t\t\t\t\t\t\t<img decoding=\"async\" width=\"496\" height=\"682\" src=\"https:\/\/www.country-route92.fr\/wordpress\/wp-content\/uploads\/2022\/11\/new-line.jpg\" class=\"attachment-medium_large size-medium_large\" alt=\"\" srcset=\"https:\/\/www.country-route92.fr\/wordpress\/wp-content\/uploads\/2022\/11\/new-line.jpg 496w, https:\/\/www.country-route92.fr\/wordpress\/wp-content\/uploads\/2022\/11\/new-line-218x300.jpg 218w\" sizes=\"(max-width: 496px) 100vw, 496px\" \/>\t\t\t\t\t\t\t\t<\/a>\n\t\t\t\t\t\t\t\t\t\t\t<\/div>\n\t\t\t\t<\/div>\n\t\t\t\t<\/div>\n\t\t\t\t\t\t<\/div>\n\t\t\t<\/div>\n\t\t<\/div>\n\t\t\t\t<div class=\"penci-ercol-66 penci-ercol-order-2 penci-sticky-ct  elementor-element elementor-element-a4da0ea elementor-column elementor-col-66 elementor-inner-column\" data-id=\"a4da0ea\" data-element_type=\"column\">\n\t\t\t<div class=\"theiaStickySidebar elementor-column-wrap  elementor-element-populated\">\n\t\t\t\t\t<div class=\"elementor-widget-wrap\">\n\t\t\t\t<div class=\"elementor-element elementor-element-d471666 elementor-widget elementor-widget-penci-fancy_heading\" data-id=\"d471666\" data-element_type=\"widget\" data-widget_type=\"penci-fancy_heading.default\">\n\t\t\t\t<div class=\"elementor-widget-container\">\n\t\t\t\t\t<div class=\"penci-fancy-heading penci-heading-text-left\">\r\n\t\t\t<div class=\"penci-fancy-heading-inner\">\r\n\t\t\t\t<h2 class=\"penci-heading-title\">New Line Dance<\/h2><div class=\"penci-heading-content entry-content\"><p>La new line dance - ou modern line dance - regroupe toutes les chor\u00e9graphies dans\u00e9es sur les musiques actuelles (celles que vous entendez \u00e0 la radio) et aussi les chor\u00e9graphies dans\u00e9es sur des rythmes de pop, rock, valse, tango, cha cha, charleston, latino, disco ...<\/p>\n<\/div>\t\t\t<\/div>\r\n\t\t<\/div>\r\n\t\t\t\t<\/div>\n\t\t\t\t<\/div>\n\t\t\t\t<div class=\"elementor-element elementor-element-b402998 elementor-align-left elementor-widget elementor-widget-button\" data-id=\"b402998\" data-element_type=\"widget\" data-widget_type=\"button.default\">\n\t\t\t\t<div class=\"elementor-widget-container\">\n\t\t\t\t\t<div class=\"elementor-button-wrapper\">\n\t\t\t<a href=\"https:\/\/www.country-route92.fr\/wordpress\/danse\/2019\/12\/23\/modern-line-dance\/\" class=\"elementor-button-link elementor-button elementor-size-md\" role=\"button\">\n\t\t\t\t\t\t<span class=\"elementor-button-content-wrapper\">\n\t\t\t\t\t\t<span class=\"elementor-button-text\">en savoir plus<\/span>\n\t\t<\/span>\n\t\t\t\t\t<\/a>\n\t\t<\/div>\n\t\t\t\t<\/div>\n\t\t\t\t<\/div>\n\t\t\t\t\t\t<\/div>\n\t\t\t<\/div>\n\t\t<\/div>\n\t\t\t\t\t\t<\/div>\n\t\t\t<\/div>\n\t\t<\/section>\n\t\t\t\t\t\t<\/div>\n\t\t\t<\/div>\n\t\t<\/div>\n\t\t\t\t\t\t<\/div>\n\t\t\t<\/div>\n\t\t<\/section>\n\t\t\t\t<section class=\"penci-section penci-disSticky penci-structure-10 elementor-element elementor-element-668a1dc elementor-section-boxed elementor-section-height-default elementor-section-height-default elementor-section elementor-top-section\" data-id=\"668a1dc\" data-element_type=\"section\">\n\t\t\t\t\t\t<div class=\"elementor-container elementor-column-gap-no\">\n\t\t\t\t<div class=\"elementor-row\">\n\t\t\t\t<div class=\"penci-ercol-100 penci-ercol-order-1 penci-sticky-ct  elementor-element elementor-element-8af387b elementor-column elementor-col-100 elementor-top-column\" data-id=\"8af387b\" data-element_type=\"column\">\n\t\t\t<div class=\"theiaStickySidebar elementor-column-wrap  elementor-element-populated\">\n\t\t\t\t\t<div class=\"elementor-widget-wrap\">\n\t\t\t\t<section class=\"penci-section penci-disSticky penci-structure-21 elementor-element elementor-element-65b1b31 elementor-section-content-middle elementor-section-boxed elementor-section-height-default elementor-section-height-default elementor-section elementor-inner-section\" data-id=\"65b1b31\" data-element_type=\"section\">\n\t\t\t\t\t\t<div class=\"elementor-container elementor-column-gap-wider\">\n\t\t\t\t<div class=\"elementor-row\">\n\t\t\t\t<div class=\"penci-ercol-33 penci-ercol-order-1 penci-sticky-sb penci-sidebarSC elementor-element elementor-element-4ae9bf4 elementor-column elementor-col-33 elementor-inner-column\" data-id=\"4ae9bf4\" data-element_type=\"column\">\n\t\t\t<div class=\"theiaStickySidebar elementor-column-wrap  elementor-element-populated\">\n\t\t\t\t\t<div class=\"elementor-widget-wrap\">\n\t\t\t\t<div class=\"elementor-element elementor-element-744036b elementor-widget elementor-widget-image\" data-id=\"744036b\" data-element_type=\"widget\" data-widget_type=\"image.default\">\n\t\t\t\t<div class=\"elementor-widget-container\">\n\t\t\t\t\t<div class=\"elementor-image\">\n\t\t\t\t\t\t\t\t\t\t\t<a href=\"https:\/\/www.country-route92.fr\/wordpress\/danse\/2020\/04\/09\/danse-irlandaise\/\">\n\t\t\t\t\t\t\t<img decoding=\"async\" width=\"496\" height=\"682\" src=\"https:\/\/www.country-route92.fr\/wordpress\/wp-content\/uploads\/2022\/11\/irish-dance.jpg\" class=\"attachment-medium_large size-medium_large\" alt=\"\" srcset=\"https:\/\/www.country-route92.fr\/wordpress\/wp-content\/uploads\/2022\/11\/irish-dance.jpg 496w, https:\/\/www.country-route92.fr\/wordpress\/wp-content\/uploads\/2022\/11\/irish-dance-218x300.jpg 218w\" sizes=\"(max-width: 496px) 100vw, 496px\" \/>\t\t\t\t\t\t\t\t<\/a>\n\t\t\t\t\t\t\t\t\t\t\t<\/div>\n\t\t\t\t<\/div>\n\t\t\t\t<\/div>\n\t\t\t\t\t\t<\/div>\n\t\t\t<\/div>\n\t\t<\/div>\n\t\t\t\t<div class=\"penci-ercol-66 penci-ercol-order-2 penci-sticky-ct  elementor-element elementor-element-1ab82c4 elementor-column elementor-col-66 elementor-inner-column\" data-id=\"1ab82c4\" data-element_type=\"column\">\n\t\t\t<div class=\"theiaStickySidebar elementor-column-wrap  elementor-element-populated\">\n\t\t\t\t\t<div class=\"elementor-widget-wrap\">\n\t\t\t\t<div class=\"elementor-element elementor-element-2b3c9e8 elementor-widget elementor-widget-penci-fancy_heading\" data-id=\"2b3c9e8\" data-element_type=\"widget\" data-widget_type=\"penci-fancy_heading.default\">\n\t\t\t\t<div class=\"elementor-widget-container\">\n\t\t\t\t\t<div class=\"penci-fancy-heading penci-heading-text-left\">\r\n\t\t\t<div class=\"penci-fancy-heading-inner\">\r\n\t\t\t\t<h2 class=\"penci-heading-title\">Celtic Line Dance<\/h2><div class=\"penci-heading-content entry-content\"><p>La danse irlandaise repr\u00e9sente une branche de danse qui n\u00b4est pas tr\u00e8s connue par les gens. Pourtant la popularit\u00e9 des danses irlandaises, qui sont tr\u00e8s attractives pour les spectateurs, augmente.<br \/>La danse irlandaise est assez difficile \u00e0 pratiquer. On remue presque exclusivement les jambes ; les bras et la partie sup\u00e9rieure du corps restent pratiquement immobiles. On danse avec le dos droit et les bras, la plupart du temps, tenus fermement le long du corps. Au contraire, les jambes sont toujours en mouvement rapide car la musique pour danser est souvent tr\u00e8s vive.<\/p>\n<\/div>\t\t\t<\/div>\r\n\t\t<\/div>\r\n\t\t\t\t<\/div>\n\t\t\t\t<\/div>\n\t\t\t\t<div class=\"elementor-element elementor-element-437cb2e elementor-align-left elementor-widget elementor-widget-button\" data-id=\"437cb2e\" data-element_type=\"widget\" data-widget_type=\"button.default\">\n\t\t\t\t<div class=\"elementor-widget-container\">\n\t\t\t\t\t<div class=\"elementor-button-wrapper\">\n\t\t\t<a href=\"https:\/\/www.country-route92.fr\/wordpress\/danse\/2020\/04\/09\/danse-irlandaise\/\" class=\"elementor-button-link elementor-button elementor-size-md\" role=\"button\">\n\t\t\t\t\t\t<span class=\"elementor-button-content-wrapper\">\n\t\t\t\t\t\t<span class=\"elementor-button-text\">en savoir plus<\/span>\n\t\t<\/span>\n\t\t\t\t\t<\/a>\n\t\t<\/div>\n\t\t\t\t<\/div>\n\t\t\t\t<\/div>\n\t\t\t\t\t\t<\/div>\n\t\t\t<\/div>\n\t\t<\/div>\n\t\t\t\t\t\t<\/div>\n\t\t\t<\/div>\n\t\t<\/section>\n\t\t\t\t\t\t<\/div>\n\t\t\t<\/div>\n\t\t<\/div>\n\t\t\t\t\t\t<\/div>\n\t\t\t<\/div>\n\t\t<\/section>\n\t\t\t\t\t\t<\/div>\n\t\t\t<\/div>\n\t\t<\/div>\n\t\t","protected":false},"excerpt":{"rendered":"<p>La danse en ligne La danse en ligne (ou Line Dance) est un terme g\u00e9n\u00e9rique qui regroupe l&rsquo;apprentissage de la Danse Country, la New Line Dance et la Danse Irlandaise\/Celtique.&hellip;<\/p>\n","protected":false},"author":2,"featured_media":0,"parent":0,"menu_order":0,"comment_status":"closed","ping_status":"closed","template":"page-fullwidth.php","meta":{"footnotes":""},"class_list":["post-418","page","type-page","status-publish","hentry"],"_links":{"self":[{"href":"https:\/\/www.country-route92.fr\/wordpress\/wp-json\/wp\/v2\/pages\/418","targetHints":{"allow":["GET"]}}],"collection":[{"href":"https:\/\/www.country-route92.fr\/wordpress\/wp-json\/wp\/v2\/pages"}],"about":[{"href":"https:\/\/www.country-route92.fr\/wordpress\/wp-json\/wp\/v2\/types\/page"}],"author":[{"embeddable":true,"href":"https:\/\/www.country-route92.fr\/wordpress\/wp-json\/wp\/v2\/users\/2"}],"replies":[{"embeddable":true,"href":"https:\/\/www.country-route92.fr\/wordpress\/wp-json\/wp\/v2\/comments?post=418"}],"version-history":[{"count":30,"href":"https:\/\/www.country-route92.fr\/wordpress\/wp-json\/wp\/v2\/pages\/418\/revisions"}],"predecessor-version":[{"id":898,"href":"https:\/\/www.country-route92.fr\/wordpress\/wp-json\/wp\/v2\/pages\/418\/revisions\/898"}],"wp:attachment":[{"href":"https:\/\/www.country-route92.fr\/wordpress\/wp-json\/wp\/v2\/media?parent=418"}],"curies":[{"name":"wp","href":"https:\/\/api.w.org\/{rel}","templated":true}]}}